{"id":41715,"date":"2024-07-11T14:34:05","date_gmt":"2024-07-11T12:34:05","guid":{"rendered":"https:\/\/nicolisproject.com\/?page_id=41715"},"modified":"2024-08-05T17:49:00","modified_gmt":"2024-08-05T15:49:00","slug":"brochure-senalizacion-digital","status":"publish","type":"page","link":"https:\/\/nicolisproject.com\/es\/brochure-senalizacion-digital\/","title":{"rendered":"Brochure Se\u00f1alizaci\u00f3n digital"},"content":{"rendered":"[vc_row type=\u00bbfull_width_content\u00bb full_screen_row_position=\u00bbmiddle\u00bb column_margin=\u00bbdefault\u00bb column_direction=\u00bbdefault\u00bb column_direction_tablet=\u00bbdefault\u00bb column_direction_phone=\u00bbdefault\u00bb bg_image=\u00bb41750&#8243; bg_position=\u00bbcenter center\u00bb background_image_loading=\u00bbdefault\u00bb bg_repeat=\u00bbno-repeat\u00bb scene_position=\u00bbcenter\u00bb top_padding=\u00bb22%\u00bb top_padding_tablet=\u00bb45%\u00bb top_padding_phone=\u00bb65%\u00bb text_color=\u00bblight\u00bb text_align=\u00bbleft\u00bb row_border_radius=\u00bbnone\u00bb row_border_radius_applies=\u00bbbg\u00bb overflow=\u00bbvisible\u00bb overlay_strength=\u00bb0.3&#8243; gradient_direction=\u00bbleft_to_right\u00bb shape_divider_position=\u00bbbottom\u00bb bg_image_animation=\u00bbnone\u00bb gradient_type=\u00bbdefault\u00bb shape_type=\u00bb\u00bb][vc_column column_padding=\u00bbno-extra-padding\u00bb column_padding_tablet=\u00bbinherit\u00bb column_padding_phone=\u00bbinherit\u00bb column_padding_position=\u00bball\u00bb column_element_direction_desktop=\u00bbdefault\u00bb column_element_spacing=\u00bbdefault\u00bb desktop_text_alignment=\u00bbdefault\u00bb tablet_text_alignment=\u00bbdefault\u00bb phone_text_alignment=\u00bbdefault\u00bb background_color_opacity=\u00bb1&#8243; background_hover_color_opacity=\u00bb1&#8243; column_backdrop_filter=\u00bbnone\u00bb column_shadow=\u00bbnone\u00bb column_border_radius=\u00bbnone\u00bb column_link_target=\u00bb_self\u00bb column_position=\u00bbdefault\u00bb gradient_direction=\u00bbleft_to_right\u00bb overlay_strength=\u00bb0.3&#8243; width=\u00bb1\/1&#8243; tablet_width_inherit=\u00bbdefault\u00bb animation_type=\u00bbdefault\u00bb bg_image_animation=\u00bbnone\u00bb border_type=\u00bbsimple\u00bb column_border_width=\u00bbnone\u00bb column_border_style=\u00bbsolid\u00bb column_padding_type=\u00bbdefault\u00bb gradient_type=\u00bbdefault\u00bb][\/vc_column][\/vc_row][vc_row type=\u00bbfull_width_background\u00bb full_screen_row_position=\u00bbmiddle\u00bb column_margin=\u00bbdefault\u00bb column_direction=\u00bbdefault\u00bb column_direction_tablet=\u00bbdefault\u00bb column_direction_phone=\u00bbdefault\u00bb scene_position=\u00bbcenter\u00bb top_padding=\u00bb6%\u00bb constrain_group_1=\u00bbyes\u00bb bottom_padding=\u00bb6%\u00bb text_color=\u00bbdark\u00bb text_align=\u00bbleft\u00bb row_border_radius=\u00bbnone\u00bb row_border_radius_applies=\u00bbbg\u00bb overflow=\u00bbvisible\u00bb id=\u00bbcontatto\u00bb overlay_strength=\u00bb0.3&#8243; gradient_direction=\u00bbleft_to_right\u00bb shape_divider_position=\u00bbbottom\u00bb bg_image_animation=\u00bbnone\u00bb gradient_type=\u00bbdefault\u00bb shape_type=\u00bb\u00bb][vc_column column_padding=\u00bbno-extra-padding\u00bb column_padding_tablet=\u00bbinherit\u00bb column_padding_phone=\u00bbinherit\u00bb column_padding_position=\u00bball\u00bb column_element_direction_desktop=\u00bbdefault\u00bb column_element_spacing=\u00bbdefault\u00bb desktop_text_alignment=\u00bbdefault\u00bb tablet_text_alignment=\u00bbdefault\u00bb phone_text_alignment=\u00bbdefault\u00bb background_color_opacity=\u00bb1&#8243; background_hover_color_opacity=\u00bb1&#8243; column_backdrop_filter=\u00bbnone\u00bb column_shadow=\u00bbnone\u00bb column_border_radius=\u00bbnone\u00bb column_link_target=\u00bb_self\u00bb column_position=\u00bbdefault\u00bb gradient_direction=\u00bbleft_to_right\u00bb overlay_strength=\u00bb0.3&#8243; width=\u00bb1\/1&#8243; tablet_width_inherit=\u00bbdefault\u00bb animation_type=\u00bbdefault\u00bb bg_image_animation=\u00bbnone\u00bb border_type=\u00bbsimple\u00bb column_border_width=\u00bbnone\u00bb column_border_style=\u00bbsolid\u00bb column_padding_type=\u00bbdefault\u00bb gradient_type=\u00bbdefault\u00bb][vc_column_text max_width=\u00bb1000&#8243;]\n<h2 class=\"h2-sub\">Completa el formulario y recibe inmediatamente el folleto acerca de Se\u00f1alizaci\u00f3n digital.<\/h2>\n<p>Introduce tus datos y direcci\u00f3n de correo electr\u00f3nico, te enviaremos el folleto.[\/vc_column_text][\/vc_column][vc_column column_padding=\u00bbpadding-5-percent\u00bb column_padding_tablet=\u00bbno-extra-padding\u00bb column_padding_phone=\u00bbno-extra-padding\u00bb column_padding_position=\u00bbtop\u00bb column_element_direction_desktop=\u00bbdefault\u00bb column_element_spacing=\u00bbdefault\u00bb desktop_text_alignment=\u00bbdefault\u00bb tablet_text_alignment=\u00bbdefault\u00bb phone_text_alignment=\u00bbdefault\u00bb background_color_opacity=\u00bb1&#8243; background_hover_color_opacity=\u00bb1&#8243; column_backdrop_filter=\u00bbnone\u00bb column_shadow=\u00bbnone\u00bb column_border_radius=\u00bbnone\u00bb column_link_target=\u00bb_self\u00bb column_position=\u00bbdefault\u00bb gradient_direction=\u00bbleft_to_right\u00bb overlay_strength=\u00bb0.3&#8243; width=\u00bb1\/1&#8243; tablet_width_inherit=\u00bbdefault\u00bb animation_type=\u00bbdefault\u00bb bg_image_animation=\u00bbnone\u00bb border_type=\u00bbsimple\u00bb column_border_width=\u00bbnone\u00bb column_border_style=\u00bbsolid\u00bb column_padding_type=\u00bbdefault\u00bb gradient_type=\u00bbdefault\u00bb][vc_raw_html]JTNDc2NyaXB0JTIwY2hhcnNldCUzRCUyMnV0Zi04JTIyJTIwdHlwZSUzRCUyMnRleHQlMkZqYXZhc2NyaXB0JTIyJTIwc3JjJTNEJTIyJTJGJTJGanMtZXUxLmhzZm9ybXMubmV0JTJGZm9ybXMlMkZlbWJlZCUyRnYyLmpzJTIyJTNFJTNDJTJGc2NyaXB0JTNFJTBBJTNDc2NyaXB0JTNFJTBBaGJzcHQuZm9ybXMuY3JlYXRlJTI4JTdCJTBBcmVnaW9uJTNBJTIwJTIyZXUxJTIyJTJDJTBBcG9ydGFsSWQlM0ElMjAlMjIyNTAyMzEyMSUyMiUyQyUwQWZvcm1JZCUzQSUyMCUyMjI0ZTQ1NGZiLWFkNzMtNDA0MS05NTlhLTI2YjQ4ODJmMDZjYiUyMiUwQSU3RCUyOSUzQiUwQSUzQyUyRnNjcmlwdCUzRQ==[\/vc_raw_html][divider line_type=\u00bbNo Line\u00bb custom_height=\u00bb50&#8243;][\/vc_column][\/vc_row]\n","protected":false},"excerpt":{"rendered":"<p>[vc_row type=\u00bbfull_width_content\u00bb full_screen_row_position=\u00bbmiddle\u00bb column_margin=\u00bbdefault\u00bb column_direction=\u00bbdefault\u00bb&#8230;<\/p>\n","protected":false},"author":19,"featured_media":0,"parent":0,"menu_order":0,"comment_status":"closed","ping_status":"closed","template":"","meta":{"footnotes":""},"class_list":["post-41715","page","type-page","status-publish"],"yoast_head":"<!-- This site is optimized with the Yoast SEO plugin v27.2 - https:\/\/yoast.com\/product\/yoast-seo-wordpress\/ -->\n<title>Brochure Se\u00f1alizaci\u00f3n digital | Nicolis Project<\/title>\n<meta name=\"description\" content=\"nebular \u00e8 l\u2019etichetta digitale che rivoluziona il concetto stesso di etichetta elettronica: eleganza, funzionalit\u00e0 e performance in uno spazio ridotto. Perfetta per supermercati, punti vendita, magazzino &gt; Scopri nebular\" \/>\n<meta name=\"robots\" content=\"noindex, nofollow\" \/>\n<meta property=\"og:locale\" content=\"es_ES\" \/>\n<meta property=\"og:type\" content=\"article\" \/>\n<meta property=\"og:title\" content=\"Brochure Se\u00f1alizaci\u00f3n digital | Nicolis Project\" \/>\n<meta property=\"og:description\" content=\"nebular \u00e8 l\u2019etichetta digitale che rivoluziona il concetto stesso di etichetta elettronica: eleganza, funzionalit\u00e0 e performance in uno spazio ridotto. Perfetta per supermercati, punti vendita, magazzino &gt; Scopri nebular\" \/>\n<meta property=\"og:url\" content=\"https:\/\/nicolisproject.com\/es\/brochure-senalizacion-digital\/\" \/>\n<meta property=\"og:site_name\" content=\"Nicolis Project\" \/>\n<meta property=\"article:publisher\" content=\"https:\/\/www.facebook.com\/NicolisProject\/\" \/>\n<meta property=\"article:modified_time\" content=\"2024-08-05T15:49:00+00:00\" \/>\n<meta name=\"twitter:card\" content=\"summary_large_image\" \/>\n<meta name=\"twitter:label1\" content=\"Tiempo de lectura\" \/>\n\t<meta name=\"twitter:data1\" content=\"3 minutos\" \/>\n<script type=\"application\/ld+json\" class=\"yoast-schema-graph\">{\"@context\":\"https:\/\/schema.org\",\"@graph\":[{\"@type\":\"WebPage\",\"@id\":\"https:\/\/nicolisproject.com\/es\/brochure-senalizacion-digital\/\",\"url\":\"https:\/\/nicolisproject.com\/es\/brochure-senalizacion-digital\/\",\"name\":\"Brochure Se\u00f1alizaci\u00f3n digital | Nicolis Project\",\"isPartOf\":{\"@id\":\"https:\/\/nicolisproject.com\/#website\"},\"datePublished\":\"2024-07-11T12:34:05+00:00\",\"dateModified\":\"2024-08-05T15:49:00+00:00\",\"description\":\"nebular \u00e8 l\u2019etichetta digitale che rivoluziona il concetto stesso di etichetta elettronica: eleganza, funzionalit\u00e0 e performance in uno spazio ridotto. Perfetta per supermercati, punti vendita, magazzino > Scopri nebular\",\"breadcrumb\":{\"@id\":\"https:\/\/nicolisproject.com\/es\/brochure-senalizacion-digital\/#breadcrumb\"},\"inLanguage\":\"es\",\"potentialAction\":[{\"@type\":\"ReadAction\",\"target\":[\"https:\/\/nicolisproject.com\/es\/brochure-senalizacion-digital\/\"]}]},{\"@type\":\"BreadcrumbList\",\"@id\":\"https:\/\/nicolisproject.com\/es\/brochure-senalizacion-digital\/#breadcrumb\",\"itemListElement\":[{\"@type\":\"ListItem\",\"position\":1,\"name\":\"Home\",\"item\":\"https:\/\/nicolisproject.com\/es\/\"},{\"@type\":\"ListItem\",\"position\":2,\"name\":\"Brochure Se\u00f1alizaci\u00f3n digital\"}]},{\"@type\":\"WebSite\",\"@id\":\"https:\/\/nicolisproject.com\/#website\",\"url\":\"https:\/\/nicolisproject.com\/\",\"name\":\"Nicolis Project\",\"description\":\"\",\"publisher\":{\"@id\":\"https:\/\/nicolisproject.com\/#organization\"},\"potentialAction\":[{\"@type\":\"SearchAction\",\"target\":{\"@type\":\"EntryPoint\",\"urlTemplate\":\"https:\/\/nicolisproject.com\/?s={search_term_string}\"},\"query-input\":{\"@type\":\"PropertyValueSpecification\",\"valueRequired\":true,\"valueName\":\"search_term_string\"}}],\"inLanguage\":\"es\"},{\"@type\":\"Organization\",\"@id\":\"https:\/\/nicolisproject.com\/#organization\",\"name\":\"Nicolis Project\",\"url\":\"https:\/\/nicolisproject.com\/\",\"logo\":{\"@type\":\"ImageObject\",\"inLanguage\":\"es\",\"@id\":\"https:\/\/nicolisproject.com\/#\/schema\/logo\/image\/\",\"url\":\"https:\/\/nicolisproject.com\/wp-content\/uploads\/2017\/03\/Logo_Nicolis.png\",\"contentUrl\":\"https:\/\/nicolisproject.com\/wp-content\/uploads\/2017\/03\/Logo_Nicolis.png\",\"width\":600,\"height\":120,\"caption\":\"Nicolis Project\"},\"image\":{\"@id\":\"https:\/\/nicolisproject.com\/#\/schema\/logo\/image\/\"},\"sameAs\":[\"https:\/\/www.facebook.com\/NicolisProject\/\",\"https:\/\/it.linkedin.com\/company\/nicolis-project-srl\",\"https:\/\/www.youtube.com\/@nicolis-project\"]}]}<\/script>\n<!-- \/ Yoast SEO plugin. -->","yoast_head_json":{"title":"Brochure Se\u00f1alizaci\u00f3n digital | Nicolis Project","description":"nebular \u00e8 l\u2019etichetta digitale che rivoluziona il concetto stesso di etichetta elettronica: eleganza, funzionalit\u00e0 e performance in uno spazio ridotto. Perfetta per supermercati, punti vendita, magazzino > Scopri nebular","robots":{"index":"noindex","follow":"nofollow"},"og_locale":"es_ES","og_type":"article","og_title":"Brochure Se\u00f1alizaci\u00f3n digital | Nicolis Project","og_description":"nebular \u00e8 l\u2019etichetta digitale che rivoluziona il concetto stesso di etichetta elettronica: eleganza, funzionalit\u00e0 e performance in uno spazio ridotto. Perfetta per supermercati, punti vendita, magazzino > Scopri nebular","og_url":"https:\/\/nicolisproject.com\/es\/brochure-senalizacion-digital\/","og_site_name":"Nicolis Project","article_publisher":"https:\/\/www.facebook.com\/NicolisProject\/","article_modified_time":"2024-08-05T15:49:00+00:00","twitter_card":"summary_large_image","twitter_misc":{"Tiempo de lectura":"3 minutos"},"schema":{"@context":"https:\/\/schema.org","@graph":[{"@type":"WebPage","@id":"https:\/\/nicolisproject.com\/es\/brochure-senalizacion-digital\/","url":"https:\/\/nicolisproject.com\/es\/brochure-senalizacion-digital\/","name":"Brochure Se\u00f1alizaci\u00f3n digital | Nicolis Project","isPartOf":{"@id":"https:\/\/nicolisproject.com\/#website"},"datePublished":"2024-07-11T12:34:05+00:00","dateModified":"2024-08-05T15:49:00+00:00","description":"nebular \u00e8 l\u2019etichetta digitale che rivoluziona il concetto stesso di etichetta elettronica: eleganza, funzionalit\u00e0 e performance in uno spazio ridotto. Perfetta per supermercati, punti vendita, magazzino > Scopri nebular","breadcrumb":{"@id":"https:\/\/nicolisproject.com\/es\/brochure-senalizacion-digital\/#breadcrumb"},"inLanguage":"es","potentialAction":[{"@type":"ReadAction","target":["https:\/\/nicolisproject.com\/es\/brochure-senalizacion-digital\/"]}]},{"@type":"BreadcrumbList","@id":"https:\/\/nicolisproject.com\/es\/brochure-senalizacion-digital\/#breadcrumb","itemListElement":[{"@type":"ListItem","position":1,"name":"Home","item":"https:\/\/nicolisproject.com\/es\/"},{"@type":"ListItem","position":2,"name":"Brochure Se\u00f1alizaci\u00f3n digital"}]},{"@type":"WebSite","@id":"https:\/\/nicolisproject.com\/#website","url":"https:\/\/nicolisproject.com\/","name":"Nicolis Project","description":"","publisher":{"@id":"https:\/\/nicolisproject.com\/#organization"},"potentialAction":[{"@type":"SearchAction","target":{"@type":"EntryPoint","urlTemplate":"https:\/\/nicolisproject.com\/?s={search_term_string}"},"query-input":{"@type":"PropertyValueSpecification","valueRequired":true,"valueName":"search_term_string"}}],"inLanguage":"es"},{"@type":"Organization","@id":"https:\/\/nicolisproject.com\/#organization","name":"Nicolis Project","url":"https:\/\/nicolisproject.com\/","logo":{"@type":"ImageObject","inLanguage":"es","@id":"https:\/\/nicolisproject.com\/#\/schema\/logo\/image\/","url":"https:\/\/nicolisproject.com\/wp-content\/uploads\/2017\/03\/Logo_Nicolis.png","contentUrl":"https:\/\/nicolisproject.com\/wp-content\/uploads\/2017\/03\/Logo_Nicolis.png","width":600,"height":120,"caption":"Nicolis Project"},"image":{"@id":"https:\/\/nicolisproject.com\/#\/schema\/logo\/image\/"},"sameAs":["https:\/\/www.facebook.com\/NicolisProject\/","https:\/\/it.linkedin.com\/company\/nicolis-project-srl","https:\/\/www.youtube.com\/@nicolis-project"]}]}},"_links":{"self":[{"href":"https:\/\/nicolisproject.com\/es\/wp-json\/wp\/v2\/pages\/41715","targetHints":{"allow":["GET"]}}],"collection":[{"href":"https:\/\/nicolisproject.com\/es\/wp-json\/wp\/v2\/pages"}],"about":[{"href":"https:\/\/nicolisproject.com\/es\/wp-json\/wp\/v2\/types\/page"}],"author":[{"embeddable":true,"href":"https:\/\/nicolisproject.com\/es\/wp-json\/wp\/v2\/users\/19"}],"replies":[{"embeddable":true,"href":"https:\/\/nicolisproject.com\/es\/wp-json\/wp\/v2\/comments?post=41715"}],"version-history":[{"count":5,"href":"https:\/\/nicolisproject.com\/es\/wp-json\/wp\/v2\/pages\/41715\/revisions"}],"predecessor-version":[{"id":42529,"href":"https:\/\/nicolisproject.com\/es\/wp-json\/wp\/v2\/pages\/41715\/revisions\/42529"}],"wp:attachment":[{"href":"https:\/\/nicolisproject.com\/es\/wp-json\/wp\/v2\/media?parent=41715"}],"curies":[{"name":"wp","href":"https:\/\/api.w.org\/{rel}","templated":true}]}}